{"id":165,"date":"2026-04-08T09:26:27","date_gmt":"2026-04-08T09:26:27","guid":{"rendered":"https:\/\/laninyacristal.com\/?page_id=165"},"modified":"2026-04-08T09:29:15","modified_gmt":"2026-04-08T09:29:15","slug":"album","status":"publish","type":"page","link":"https:\/\/laninyacristal.com\/en\/album\/","title":{"rendered":"Album"},"content":{"rendered":"<div data-elementor-type=\"wp-post\" data-elementor-id=\"165\" class=\"elementor elementor-165\" data-elementor-post-type=\"page\">\n\t\t\t\t<div class=\"elementor-element elementor-element-9b434a8 e-con-full e-flex e-con e-parent\" data-id=\"9b434a8\" data-element_type=\"container\" data-e-type=\"container\">\n\t\t\t\t<div class=\"elementor-element elementor-element-1dd51da elementor-widget__width-initial elementor-widget-mobile__width-inherit elementor-widget-tablet__width-initial twbb-headline--style-highlight elementor-widget elementor-widget-twbbanimated-headline\" data-id=\"1dd51da\" data-element_type=\"widget\" data-e-type=\"widget\" data-settings=\"{&quot;highlighted_text&quot;:&quot;Album&quot;,&quot;marker&quot;:&quot;underline_zigzag&quot;,&quot;headline_style&quot;:&quot;highlight&quot;}\" data-widget_type=\"twbbanimated-headline.default\">\n\t\t\t\t<div class=\"elementor-widget-container\">\n\t\t\t\t\t    <h1 class=\"twbb-headline\">\n        <span class=\"twbb-headline-dynamic-wrapper twbb-headline-text-wrapper\"><\/span>\n        <\/h1>\n    \t\t\t\t<\/div>\n\t\t\t\t<\/div>\n\t\t\t\t<div class=\"elementor-element elementor-element-8c4e709 elementor-widget elementor-widget-gallery\" data-id=\"8c4e709\" data-element_type=\"widget\" data-e-type=\"widget\" data-settings=\"{&quot;gallery_layout&quot;:&quot;masonry&quot;,&quot;columns&quot;:3,&quot;overlay_title&quot;:&quot;title&quot;,&quot;overlay_description&quot;:&quot;description&quot;,&quot;lazyload&quot;:&quot;yes&quot;,&quot;columns_tablet&quot;:2,&quot;columns_mobile&quot;:1,&quot;gap&quot;:{&quot;unit&quot;:&quot;px&quot;,&quot;size&quot;:10,&quot;sizes&quot;:[]},&quot;gap_tablet&quot;:{&quot;unit&quot;:&quot;px&quot;,&quot;size&quot;:10,&quot;sizes&quot;:[]},&quot;gap_mobile&quot;:{&quot;unit&quot;:&quot;px&quot;,&quot;size&quot;:10,&quot;sizes&quot;:[]},&quot;link_to&quot;:&quot;file&quot;,&quot;overlay_background&quot;:&quot;yes&quot;,&quot;content_hover_animation&quot;:&quot;fade-in&quot;}\" data-widget_type=\"gallery.default\">\n\t\t\t\t\t\t\t<div class=\"elementor-gallery__container\">\n\t\t\t\t\t\t\t<a class=\"e-gallery-item elementor-gallery-item elementor-animated-content\" href=\"https:\/\/laninyacristal.com\/wp-content\/uploads\/2026\/04\/13319943_1041563635933510_8899366003315562867_n-AQEpkkPvZnUDXPJB.png\" data-elementor-open-lightbox=\"yes\" data-elementor-lightbox-slideshow=\"8c4e709\" data-elementor-lightbox-title=\"Teatro infantil en colaboraci\u00f3n AMPA  CEIP Mediterr\u00e1neo\" data-elementor-lightbox-description=\"2013-2018\" data-e-action-hash=\"#elementor-action%3Aaction%3Dlightbox%26settings%3DeyJpZCI6MTU1LCJ1cmwiOiJodHRwczpcL1wvbGFuaW55YWNyaXN0YWwuY29tXC93cC1jb250ZW50XC91cGxvYWRzXC8yMDI2XC8wNFwvMTMzMTk5NDNfMTA0MTU2MzYzNTkzMzUxMF84ODk5MzY2MDAzMzE1NTYyODY3X24tQVFFcGtrUHZablVEWFBKQi5wbmciLCJzbGlkZXNob3ciOiI4YzRlNzA5In0%3D\">\n\t\t\t\t\t<div class=\"e-gallery-image elementor-gallery-item__image\" data-thumbnail=\"https:\/\/laninyacristal.com\/wp-content\/uploads\/2026\/04\/13319943_1041563635933510_8899366003315562867_n-AQEpkkPvZnUDXPJB.png\" data-width=\"597\" data-height=\"166\" aria-label=\"Teatro infantil La Ni\ufffdacristal\" role=\"img\" ><\/div>\n\t\t\t\t\t\t\t\t\t\t\t<div class=\"elementor-gallery-item__overlay\"><\/div>\n\t\t\t\t\t\t\t\t\t\t\t\t\t\t\t<div class=\"elementor-gallery-item__content\">\n\t\t\t\t\t\t\t\t\t\t\t\t\t\t<div class=\"elementor-gallery-item__title\">\n\t\t\t\t\t\t\t\t\t\t\t\t\t\t\t\t\t\tTeatro infantil en colaboraci\u00f3n AMPA  CEIP Mediterr\u00e1neo\t\t\t\t\t\t\t\t<\/div>\n\t\t\t\t\t\t\t\t\t\t\t\t\t\t\t<div class=\"elementor-gallery-item__description\">\n\t\t\t\t\t\t\t\t\t\t\t\t\t\t\t\t\t\t2013-2018\t\t\t\t\t\t\t\t<\/div>\n\t\t\t\t\t\t\t\t\t\t\t\t<\/div>\n\t\t\t\t\t\t\t\t\t<\/a>\n\t\t\t\t\t\t\t<a class=\"e-gallery-item elementor-gallery-item elementor-animated-content\" href=\"https:\/\/laninyacristal.com\/wp-content\/uploads\/2026\/04\/cabezudos-copia-YD04kWwRMDsyZloO.png\" data-elementor-open-lightbox=\"yes\" data-elementor-lightbox-slideshow=\"8c4e709\" data-elementor-lightbox-title=\"Los cabezudos de La Ni\u00f1acristal\" data-elementor-lightbox-description=\"2007-2011\" data-e-action-hash=\"#elementor-action%3Aaction%3Dlightbox%26settings%3DeyJpZCI6MTU2LCJ1cmwiOiJodHRwczpcL1wvbGFuaW55YWNyaXN0YWwuY29tXC93cC1jb250ZW50XC91cGxvYWRzXC8yMDI2XC8wNFwvY2FiZXp1ZG9zLWNvcGlhLVlEMDRrV3dSTURzeVpsb08ucG5nIiwic2xpZGVzaG93IjoiOGM0ZTcwOSJ9\">\n\t\t\t\t\t<div class=\"e-gallery-image elementor-gallery-item__image\" data-thumbnail=\"https:\/\/laninyacristal.com\/wp-content\/uploads\/2026\/04\/cabezudos-copia-YD04kWwRMDsyZloO.png\" data-width=\"375\" data-height=\"250\" aria-label=\"Los cabezudos de La Ni\u00f1acristal 2007-2011\" role=\"img\" ><\/div>\n\t\t\t\t\t\t\t\t\t\t\t<div class=\"elementor-gallery-item__overlay\"><\/div>\n\t\t\t\t\t\t\t\t\t\t\t\t\t\t\t<div class=\"elementor-gallery-item__content\">\n\t\t\t\t\t\t\t\t\t\t\t\t\t\t<div class=\"elementor-gallery-item__title\">\n\t\t\t\t\t\t\t\t\t\t\t\t\t\t\t\t\t\tLos cabezudos de La Ni\u00f1acristal\t\t\t\t\t\t\t\t<\/div>\n\t\t\t\t\t\t\t\t\t\t\t\t\t\t\t<div class=\"elementor-gallery-item__description\">\n\t\t\t\t\t\t\t\t\t\t\t\t\t\t\t\t\t\t2007-2011\t\t\t\t\t\t\t\t<\/div>\n\t\t\t\t\t\t\t\t\t\t\t\t<\/div>\n\t\t\t\t\t\t\t\t\t<\/a>\n\t\t\t\t\t\t\t<a class=\"e-gallery-item elementor-gallery-item elementor-animated-content\" href=\"https:\/\/laninyacristal.com\/wp-content\/uploads\/2026\/04\/gala-08-09-Yan98R0VNBs33lz8.png\" data-elementor-open-lightbox=\"yes\" data-elementor-lightbox-slideshow=\"8c4e709\" data-elementor-lightbox-title=\"Con las extraescolares  Gala de cortometrajes infantiles\" data-elementor-lightbox-description=\"2008\" data-e-action-hash=\"#elementor-action%3Aaction%3Dlightbox%26settings%3DeyJpZCI6MTU3LCJ1cmwiOiJodHRwczpcL1wvbGFuaW55YWNyaXN0YWwuY29tXC93cC1jb250ZW50XC91cGxvYWRzXC8yMDI2XC8wNFwvZ2FsYS0wOC0wOS1ZYW45OFIwVk5CczMzbHo4LnBuZyIsInNsaWRlc2hvdyI6IjhjNGU3MDkifQ%3D%3D\">\n\t\t\t\t\t<div class=\"e-gallery-image elementor-gallery-item__image\" data-thumbnail=\"https:\/\/laninyacristal.com\/wp-content\/uploads\/2026\/04\/gala-08-09-Yan98R0VNBs33lz8.png\" data-width=\"375\" data-height=\"250\" aria-label=\"Con las extraescolares Gala de cortometrajes infantiles\" role=\"img\" ><\/div>\n\t\t\t\t\t\t\t\t\t\t\t<div class=\"elementor-gallery-item__overlay\"><\/div>\n\t\t\t\t\t\t\t\t\t\t\t\t\t\t\t<div class=\"elementor-gallery-item__content\">\n\t\t\t\t\t\t\t\t\t\t\t\t\t\t<div class=\"elementor-gallery-item__title\">\n\t\t\t\t\t\t\t\t\t\t\t\t\t\t\t\t\t\tCon las extraescolares  Gala de cortometrajes infantiles\t\t\t\t\t\t\t\t<\/div>\n\t\t\t\t\t\t\t\t\t\t\t\t\t\t\t<div class=\"elementor-gallery-item__description\">\n\t\t\t\t\t\t\t\t\t\t\t\t\t\t\t\t\t\t2008\t\t\t\t\t\t\t\t<\/div>\n\t\t\t\t\t\t\t\t\t\t\t\t<\/div>\n\t\t\t\t\t\t\t\t\t<\/a>\n\t\t\t\t\t\t\t<a class=\"e-gallery-item elementor-gallery-item elementor-animated-content\" href=\"https:\/\/laninyacristal.com\/wp-content\/uploads\/2026\/04\/img-20210516-wa0008-m2WQw3kZxJUDMgXV.png\" data-elementor-open-lightbox=\"yes\" data-elementor-lightbox-slideshow=\"8c4e709\" data-elementor-lightbox-title=\"Festival Abracadabrante\" data-elementor-lightbox-description=\" Desde 2021\" data-e-action-hash=\"#elementor-action%3Aaction%3Dlightbox%26settings%3DeyJpZCI6MTU4LCJ1cmwiOiJodHRwczpcL1wvbGFuaW55YWNyaXN0YWwuY29tXC93cC1jb250ZW50XC91cGxvYWRzXC8yMDI2XC8wNFwvaW1nLTIwMjEwNTE2LXdhMDAwOC1tMldRdzNrWnhKVURNZ1hWLnBuZyIsInNsaWRlc2hvdyI6IjhjNGU3MDkifQ%3D%3D\">\n\t\t\t\t\t<div class=\"e-gallery-image elementor-gallery-item__image\" data-thumbnail=\"https:\/\/laninyacristal.com\/wp-content\/uploads\/2026\/04\/img-20210516-wa0008-m2WQw3kZxJUDMgXV.png\" data-width=\"768\" data-height=\"513\" aria-label=\"Festival infantil Abracadabrante\" role=\"img\" ><\/div>\n\t\t\t\t\t\t\t\t\t\t\t<div class=\"elementor-gallery-item__overlay\"><\/div>\n\t\t\t\t\t\t\t\t\t\t\t\t\t\t\t<div class=\"elementor-gallery-item__content\">\n\t\t\t\t\t\t\t\t\t\t\t\t\t\t<div class=\"elementor-gallery-item__title\">\n\t\t\t\t\t\t\t\t\t\t\t\t\t\t\t\t\t\tFestival Abracadabrante\t\t\t\t\t\t\t\t<\/div>\n\t\t\t\t\t\t\t\t\t\t\t\t\t\t\t<div class=\"elementor-gallery-item__description\">\n\t\t\t\t\t\t\t\t\t\t\t\t\t\t\t\t\t\t Desde 2021\t\t\t\t\t\t\t\t<\/div>\n\t\t\t\t\t\t\t\t\t\t\t\t<\/div>\n\t\t\t\t\t\t\t\t\t<\/a>\n\t\t\t\t\t\t\t<a class=\"e-gallery-item elementor-gallery-item elementor-animated-content\" href=\"https:\/\/laninyacristal.com\/wp-content\/uploads\/2026\/04\/catalina-valeria-AMq4k0NqLGc2Qp6g.jpg\" data-elementor-open-lightbox=\"yes\" data-elementor-lightbox-slideshow=\"8c4e709\" data-elementor-lightbox-title=\"Cuentos de Halloween   Catalina Valeria\" data-elementor-lightbox-description=\"Desde 2020\" data-e-action-hash=\"#elementor-action%3Aaction%3Dlightbox%26settings%3DeyJpZCI6MTU5LCJ1cmwiOiJodHRwczpcL1wvbGFuaW55YWNyaXN0YWwuY29tXC93cC1jb250ZW50XC91cGxvYWRzXC8yMDI2XC8wNFwvY2F0YWxpbmEtdmFsZXJpYS1BTXE0azBOcUxHYzJRcDZnLmpwZyIsInNsaWRlc2hvdyI6IjhjNGU3MDkifQ%3D%3D\">\n\t\t\t\t\t<div class=\"e-gallery-image elementor-gallery-item__image\" data-thumbnail=\"https:\/\/laninyacristal.com\/wp-content\/uploads\/2026\/04\/catalina-valeria-AMq4k0NqLGc2Qp6g.jpg\" data-width=\"375\" data-height=\"250\" aria-label=\"Cuento de Halloween Catalina Valeria\" role=\"img\" ><\/div>\n\t\t\t\t\t\t\t\t\t\t\t<div class=\"elementor-gallery-item__overlay\"><\/div>\n\t\t\t\t\t\t\t\t\t\t\t\t\t\t\t<div class=\"elementor-gallery-item__content\">\n\t\t\t\t\t\t\t\t\t\t\t\t\t\t<div class=\"elementor-gallery-item__title\">\n\t\t\t\t\t\t\t\t\t\t\t\t\t\t\t\t\t\tCuentos de Halloween   Catalina Valeria\t\t\t\t\t\t\t\t<\/div>\n\t\t\t\t\t\t\t\t\t\t\t\t\t\t\t<div class=\"elementor-gallery-item__description\">\n\t\t\t\t\t\t\t\t\t\t\t\t\t\t\t\t\t\tDesde 2020\t\t\t\t\t\t\t\t<\/div>\n\t\t\t\t\t\t\t\t\t\t\t\t<\/div>\n\t\t\t\t\t\t\t\t\t<\/a>\n\t\t\t\t\t\t\t<a class=\"e-gallery-item elementor-gallery-item elementor-animated-content\" href=\"https:\/\/laninyacristal.com\/wp-content\/uploads\/2026\/04\/cornalina-copia-3-mP4QkgV5pOsK5lJx.png\" data-elementor-open-lightbox=\"yes\" data-elementor-lightbox-slideshow=\"8c4e709\" data-elementor-lightbox-title=\"Cornalina cuentacuentos\" data-elementor-lightbox-description=\"Desde siempre\" data-e-action-hash=\"#elementor-action%3Aaction%3Dlightbox%26settings%3DeyJpZCI6MTYwLCJ1cmwiOiJodHRwczpcL1wvbGFuaW55YWNyaXN0YWwuY29tXC93cC1jb250ZW50XC91cGxvYWRzXC8yMDI2XC8wNFwvY29ybmFsaW5hLWNvcGlhLTMtbVA0UWtnVjVwT3NLNWxKeC5wbmciLCJzbGlkZXNob3ciOiI4YzRlNzA5In0%3D\">\n\t\t\t\t\t<div class=\"e-gallery-image elementor-gallery-item__image\" data-thumbnail=\"https:\/\/laninyacristal.com\/wp-content\/uploads\/2026\/04\/cornalina-copia-3-mP4QkgV5pOsK5lJx.png\" data-width=\"375\" data-height=\"395\" aria-label=\"Cuentacuentos Cornalina Garfusa \" role=\"img\" ><\/div>\n\t\t\t\t\t\t\t\t\t\t\t<div class=\"elementor-gallery-item__overlay\"><\/div>\n\t\t\t\t\t\t\t\t\t\t\t\t\t\t\t<div class=\"elementor-gallery-item__content\">\n\t\t\t\t\t\t\t\t\t\t\t\t\t\t<div class=\"elementor-gallery-item__title\">\n\t\t\t\t\t\t\t\t\t\t\t\t\t\t\t\t\t\tCornalina cuentacuentos\t\t\t\t\t\t\t\t<\/div>\n\t\t\t\t\t\t\t\t\t\t\t\t\t\t\t<div class=\"elementor-gallery-item__description\">\n\t\t\t\t\t\t\t\t\t\t\t\t\t\t\t\t\t\tDesde siempre\t\t\t\t\t\t\t\t<\/div>\n\t\t\t\t\t\t\t\t\t\t\t\t<\/div>\n\t\t\t\t\t\t\t\t\t<\/a>\n\t\t\t\t\t\t\t<a class=\"e-gallery-item elementor-gallery-item elementor-animated-content\" href=\"https:\/\/laninyacristal.com\/wp-content\/uploads\/2026\/04\/img_20240104_120805-YD04kWxRMRSLXKgb.jpg\" data-elementor-open-lightbox=\"yes\" data-elementor-lightbox-slideshow=\"8c4e709\" data-elementor-lightbox-title=\"Cabalgata de reyes con los coles\" data-elementor-lightbox-description=\"Desde 2020 \" data-e-action-hash=\"#elementor-action%3Aaction%3Dlightbox%26settings%3DeyJpZCI6MTYxLCJ1cmwiOiJodHRwczpcL1wvbGFuaW55YWNyaXN0YWwuY29tXC93cC1jb250ZW50XC91cGxvYWRzXC8yMDI2XC8wNFwvaW1nXzIwMjQwMTA0XzEyMDgwNS1ZRDA0a1d4Uk1SU0xYS2diLmpwZyIsInNsaWRlc2hvdyI6IjhjNGU3MDkifQ%3D%3D\">\n\t\t\t\t\t<div class=\"e-gallery-image elementor-gallery-item__image\" data-thumbnail=\"https:\/\/laninyacristal.com\/wp-content\/uploads\/2026\/04\/img_20240104_120805-YD04kWxRMRSLXKgb.jpg\" data-width=\"375\" data-height=\"250\" aria-label=\"\" role=\"img\" ><\/div>\n\t\t\t\t\t\t\t\t\t\t\t<div class=\"elementor-gallery-item__overlay\"><\/div>\n\t\t\t\t\t\t\t\t\t\t\t\t\t\t\t<div class=\"elementor-gallery-item__content\">\n\t\t\t\t\t\t\t\t\t\t\t\t\t\t<div class=\"elementor-gallery-item__title\">\n\t\t\t\t\t\t\t\t\t\t\t\t\t\t\t\t\t\tCabalgata de reyes con los coles\t\t\t\t\t\t\t\t<\/div>\n\t\t\t\t\t\t\t\t\t\t\t\t\t\t\t<div class=\"elementor-gallery-item__description\">\n\t\t\t\t\t\t\t\t\t\t\t\t\t\t\t\t\t\tDesde 2020 \t\t\t\t\t\t\t\t<\/div>\n\t\t\t\t\t\t\t\t\t\t\t\t<\/div>\n\t\t\t\t\t\t\t\t\t<\/a>\n\t\t\t\t\t\t\t<a class=\"e-gallery-item elementor-gallery-item elementor-animated-content\" href=\"https:\/\/laninyacristal.com\/wp-content\/uploads\/2026\/04\/1111111-A3QJX37OQauX2lMM.png\" data-elementor-open-lightbox=\"yes\" data-elementor-lightbox-slideshow=\"8c4e709\" data-elementor-lightbox-title=\"Con asociaci\u00f3n mujeres Baladre Performance\" data-e-action-hash=\"#elementor-action%3Aaction%3Dlightbox%26settings%3DeyJpZCI6MTYyLCJ1cmwiOiJodHRwczpcL1wvbGFuaW55YWNyaXN0YWwuY29tXC93cC1jb250ZW50XC91cGxvYWRzXC8yMDI2XC8wNFwvMTExMTExMS1BM1FKWDM3T1FhdVgybE1NLnBuZyIsInNsaWRlc2hvdyI6IjhjNGU3MDkifQ%3D%3D\">\n\t\t\t\t\t<div class=\"e-gallery-image elementor-gallery-item__image\" data-thumbnail=\"https:\/\/laninyacristal.com\/wp-content\/uploads\/2026\/04\/1111111-A3QJX37OQauX2lMM.png\" data-width=\"375\" data-height=\"250\" aria-label=\"\" role=\"img\" ><\/div>\n\t\t\t\t\t\t\t\t\t\t\t<div class=\"elementor-gallery-item__overlay\"><\/div>\n\t\t\t\t\t\t\t\t\t\t\t\t\t\t\t<div class=\"elementor-gallery-item__content\">\n\t\t\t\t\t\t\t\t\t\t\t\t\t\t<div class=\"elementor-gallery-item__title\">\n\t\t\t\t\t\t\t\t\t\t\t\t\t\t\t\t\t\tCon asociaci\u00f3n mujeres Baladre Performance\t\t\t\t\t\t\t\t<\/div>\n\t\t\t\t\t\t\t\t\t\t\t\t<\/div>\n\t\t\t\t\t\t\t\t\t<\/a>\n\t\t\t\t\t\t\t<a class=\"e-gallery-item elementor-gallery-item elementor-animated-content\" href=\"https:\/\/laninyacristal.com\/wp-content\/uploads\/2026\/04\/66-m7VK4a84x9tZb2O5.png\" data-elementor-open-lightbox=\"yes\" data-elementor-lightbox-slideshow=\"8c4e709\" data-elementor-lightbox-title=\"Centro c\u00edvico Baladre\" data-elementor-lightbox-description=\"Taller de salud  2007-2021\" data-e-action-hash=\"#elementor-action%3Aaction%3Dlightbox%26settings%3DeyJpZCI6MTYzLCJ1cmwiOiJodHRwczpcL1wvbGFuaW55YWNyaXN0YWwuY29tXC93cC1jb250ZW50XC91cGxvYWRzXC8yMDI2XC8wNFwvNjYtbTdWSzRhODR4OXRaYjJPNS5wbmciLCJzbGlkZXNob3ciOiI4YzRlNzA5In0%3D\">\n\t\t\t\t\t<div class=\"e-gallery-image elementor-gallery-item__image\" data-thumbnail=\"https:\/\/laninyacristal.com\/wp-content\/uploads\/2026\/04\/66-m7VK4a84x9tZb2O5.png\" data-width=\"375\" data-height=\"250\" aria-label=\"\" role=\"img\" ><\/div>\n\t\t\t\t\t\t\t\t\t\t\t<div class=\"elementor-gallery-item__overlay\"><\/div>\n\t\t\t\t\t\t\t\t\t\t\t\t\t\t\t<div class=\"elementor-gallery-item__content\">\n\t\t\t\t\t\t\t\t\t\t\t\t\t\t<div class=\"elementor-gallery-item__title\">\n\t\t\t\t\t\t\t\t\t\t\t\t\t\t\t\t\t\tCentro c\u00edvico Baladre\t\t\t\t\t\t\t\t<\/div>\n\t\t\t\t\t\t\t\t\t\t\t\t\t\t\t<div class=\"elementor-gallery-item__description\">\n\t\t\t\t\t\t\t\t\t\t\t\t\t\t\t\t\t\tTaller de salud  2007-2021\t\t\t\t\t\t\t\t<\/div>\n\t\t\t\t\t\t\t\t\t\t\t\t<\/div>\n\t\t\t\t\t\t\t\t\t<\/a>\n\t\t\t\t\t\t\t<a class=\"e-gallery-item elementor-gallery-item elementor-animated-content\" href=\"https:\/\/laninyacristal.com\/wp-content\/uploads\/2026\/04\/11217179_849831825106693_5479597918961255943_n-AMq4kK1Oqkue2XXP.png\" data-elementor-open-lightbox=\"yes\" data-elementor-lightbox-slideshow=\"8c4e709\" data-elementor-lightbox-title=\"Teatro infantil\" data-e-action-hash=\"#elementor-action%3Aaction%3Dlightbox%26settings%3DeyJpZCI6MTY0LCJ1cmwiOiJodHRwczpcL1wvbGFuaW55YWNyaXN0YWwuY29tXC93cC1jb250ZW50XC91cGxvYWRzXC8yMDI2XC8wNFwvMTEyMTcxNzlfODQ5ODMxODI1MTA2NjkzXzU0Nzk1OTc5MTg5NjEyNTU5NDNfbi1BTXE0a0sxT3FrdWUyWFhQLnBuZyIsInNsaWRlc2hvdyI6IjhjNGU3MDkifQ%3D%3D\">\n\t\t\t\t\t<div class=\"e-gallery-image elementor-gallery-item__image\" data-thumbnail=\"https:\/\/laninyacristal.com\/wp-content\/uploads\/2026\/04\/11217179_849831825106693_5479597918961255943_n-AMq4kK1Oqkue2XXP.png\" data-width=\"768\" data-height=\"217\" aria-label=\"Teatro infantil La Ni\ufffdacristal\" role=\"img\" ><\/div>\n\t\t\t\t\t\t\t\t\t\t\t<div class=\"elementor-gallery-item__overlay\"><\/div>\n\t\t\t\t\t\t\t\t\t\t\t\t\t\t\t<div class=\"elementor-gallery-item__content\">\n\t\t\t\t\t\t\t\t\t\t\t\t\t\t<div class=\"elementor-gallery-item__title\">\n\t\t\t\t\t\t\t\t\t\t\t\t\t\t\t\t\t\tTeatro infantil\t\t\t\t\t\t\t\t<\/div>\n\t\t\t\t\t\t\t\t\t\t\t\t<\/div>\n\t\t\t\t\t\t\t\t\t<\/a>\n\t\t\t\t\t<\/div>\n\t\t\t\t\t<\/div>\n\t\t\t\t<\/div>\n\t\t\t\t<\/div>","protected":false},"excerpt":{"rendered":"<p>Teatro infantil en colaboraci\u00f3n AMPA CEIP Mediterr\u00e1neo 2013-2018 Los cabezudos de La Ni\u00f1acristal 2007-2011 Con las extraescolares Gala de cortometrajes infantiles 2008 Festival Abracadabrante Desde 2021 Cuentos de Halloween Catalina Valeria Desde 2020 Cornalina cuentacuentos Desde siempre Cabalgata de reyes con los coles Desde 2020 Con asociaci\u00f3n mujeres Baladre Performance Centro c\u00edvico Baladre Taller de [&hellip;]<\/p>\n","protected":false},"author":0,"featured_media":0,"parent":0,"menu_order":0,"comment_status":"closed","ping_status":"draft","template":"elementor_header_footer","meta":{"inline_featured_image":false,"footnotes":""},"class_list":["post-165","page","type-page","status-publish","hentry"],"yoast_head":"<!-- This site is optimized with the Yoast SEO plugin v27.3 - https:\/\/yoast.com\/product\/yoast-seo-wordpress\/ -->\n<title>Album - Laninyacristal<\/title>\n<meta name=\"robots\" content=\"index, follow, max-snippet:-1, max-image-preview:large, max-video-preview:-1\" \/>\n<link rel=\"canonical\" href=\"https:\/\/laninyacristal.com\/en\/album\/\" \/>\n<meta property=\"og:locale\" content=\"en_GB\" \/>\n<meta property=\"og:type\" content=\"article\" \/>\n<meta property=\"og:title\" content=\"Album - Laninyacristal\" \/>\n<meta property=\"og:description\" content=\"Teatro infantil en colaboraci\u00f3n AMPA CEIP Mediterr\u00e1neo 2013-2018 Los cabezudos de La Ni\u00f1acristal 2007-2011 Con las extraescolares Gala de cortometrajes infantiles 2008 Festival Abracadabrante Desde 2021 Cuentos de Halloween Catalina Valeria Desde 2020 Cornalina cuentacuentos Desde siempre Cabalgata de reyes con los coles Desde 2020 Con asociaci\u00f3n mujeres Baladre Performance Centro c\u00edvico Baladre Taller de [&hellip;]\" \/>\n<meta property=\"og:url\" content=\"https:\/\/laninyacristal.com\/en\/album\/\" \/>\n<meta property=\"og:site_name\" content=\"Laninyacristal\" \/>\n<meta property=\"article:modified_time\" content=\"2026-04-08T09:29:15+00:00\" \/>\n<meta name=\"twitter:card\" content=\"summary_large_image\" \/>\n<script type=\"application\/ld+json\" class=\"yoast-schema-graph\">{\"@context\":\"https:\\\/\\\/schema.org\",\"@graph\":[{\"@type\":\"WebPage\",\"@id\":\"https:\\\/\\\/laninyacristal.com\\\/album\\\/\",\"url\":\"https:\\\/\\\/laninyacristal.com\\\/album\\\/\",\"name\":\"Album - Laninyacristal\",\"isPartOf\":{\"@id\":\"https:\\\/\\\/laninyacristal.com\\\/#website\"},\"datePublished\":\"2026-04-08T09:26:27+00:00\",\"dateModified\":\"2026-04-08T09:29:15+00:00\",\"breadcrumb\":{\"@id\":\"https:\\\/\\\/laninyacristal.com\\\/album\\\/#breadcrumb\"},\"inLanguage\":\"en-GB\",\"potentialAction\":[{\"@type\":\"ReadAction\",\"target\":[\"https:\\\/\\\/laninyacristal.com\\\/album\\\/\"]}]},{\"@type\":\"BreadcrumbList\",\"@id\":\"https:\\\/\\\/laninyacristal.com\\\/album\\\/#breadcrumb\",\"itemListElement\":[{\"@type\":\"ListItem\",\"position\":1,\"name\":\"Home\",\"item\":\"https:\\\/\\\/laninyacristal.com\\\/\"},{\"@type\":\"ListItem\",\"position\":2,\"name\":\"Album\"}]},{\"@type\":\"WebSite\",\"@id\":\"https:\\\/\\\/laninyacristal.com\\\/#website\",\"url\":\"https:\\\/\\\/laninyacristal.com\\\/\",\"name\":\"Laninyacristal\",\"description\":\"\",\"publisher\":{\"@id\":\"https:\\\/\\\/laninyacristal.com\\\/#organization\"},\"potentialAction\":[{\"@type\":\"SearchAction\",\"target\":{\"@type\":\"EntryPoint\",\"urlTemplate\":\"https:\\\/\\\/laninyacristal.com\\\/?s={search_term_string}\"},\"query-input\":{\"@type\":\"PropertyValueSpecification\",\"valueRequired\":true,\"valueName\":\"search_term_string\"}}],\"inLanguage\":\"en-GB\"},{\"@type\":\"Organization\",\"@id\":\"https:\\\/\\\/laninyacristal.com\\\/#organization\",\"name\":\"Laninyacristal\",\"url\":\"https:\\\/\\\/laninyacristal.com\\\/\",\"logo\":{\"@type\":\"ImageObject\",\"inLanguage\":\"en-GB\",\"@id\":\"https:\\\/\\\/laninyacristal.com\\\/#\\\/schema\\\/logo\\\/image\\\/\",\"url\":\"https:\\\/\\\/laninyacristal.com\\\/wp-content\\\/uploads\\\/2026\\\/04\\\/logo-laninacristal.avif\",\"contentUrl\":\"https:\\\/\\\/laninyacristal.com\\\/wp-content\\\/uploads\\\/2026\\\/04\\\/logo-laninacristal.avif\",\"width\":375,\"height\":493,\"caption\":\"Laninyacristal\"},\"image\":{\"@id\":\"https:\\\/\\\/laninyacristal.com\\\/#\\\/schema\\\/logo\\\/image\\\/\"}}]}<\/script>\n<!-- \/ Yoast SEO plugin. -->","yoast_head_json":{"title":"Album - Laninyacristal","robots":{"index":"index","follow":"follow","max-snippet":"max-snippet:-1","max-image-preview":"max-image-preview:large","max-video-preview":"max-video-preview:-1"},"canonical":"https:\/\/laninyacristal.com\/en\/album\/","og_locale":"en_GB","og_type":"article","og_title":"Album - Laninyacristal","og_description":"Teatro infantil en colaboraci\u00f3n AMPA CEIP Mediterr\u00e1neo 2013-2018 Los cabezudos de La Ni\u00f1acristal 2007-2011 Con las extraescolares Gala de cortometrajes infantiles 2008 Festival Abracadabrante Desde 2021 Cuentos de Halloween Catalina Valeria Desde 2020 Cornalina cuentacuentos Desde siempre Cabalgata de reyes con los coles Desde 2020 Con asociaci\u00f3n mujeres Baladre Performance Centro c\u00edvico Baladre Taller de [&hellip;]","og_url":"https:\/\/laninyacristal.com\/en\/album\/","og_site_name":"Laninyacristal","article_modified_time":"2026-04-08T09:29:15+00:00","twitter_card":"summary_large_image","schema":{"@context":"https:\/\/schema.org","@graph":[{"@type":"WebPage","@id":"https:\/\/laninyacristal.com\/album\/","url":"https:\/\/laninyacristal.com\/album\/","name":"Album - Laninyacristal","isPartOf":{"@id":"https:\/\/laninyacristal.com\/#website"},"datePublished":"2026-04-08T09:26:27+00:00","dateModified":"2026-04-08T09:29:15+00:00","breadcrumb":{"@id":"https:\/\/laninyacristal.com\/album\/#breadcrumb"},"inLanguage":"en-GB","potentialAction":[{"@type":"ReadAction","target":["https:\/\/laninyacristal.com\/album\/"]}]},{"@type":"BreadcrumbList","@id":"https:\/\/laninyacristal.com\/album\/#breadcrumb","itemListElement":[{"@type":"ListItem","position":1,"name":"Home","item":"https:\/\/laninyacristal.com\/"},{"@type":"ListItem","position":2,"name":"Album"}]},{"@type":"WebSite","@id":"https:\/\/laninyacristal.com\/#website","url":"https:\/\/laninyacristal.com\/","name":"Laninyacristal","description":"","publisher":{"@id":"https:\/\/laninyacristal.com\/#organization"},"potentialAction":[{"@type":"SearchAction","target":{"@type":"EntryPoint","urlTemplate":"https:\/\/laninyacristal.com\/?s={search_term_string}"},"query-input":{"@type":"PropertyValueSpecification","valueRequired":true,"valueName":"search_term_string"}}],"inLanguage":"en-GB"},{"@type":"Organization","@id":"https:\/\/laninyacristal.com\/#organization","name":"Laninyacristal","url":"https:\/\/laninyacristal.com\/","logo":{"@type":"ImageObject","inLanguage":"en-GB","@id":"https:\/\/laninyacristal.com\/#\/schema\/logo\/image\/","url":"https:\/\/laninyacristal.com\/wp-content\/uploads\/2026\/04\/logo-laninacristal.avif","contentUrl":"https:\/\/laninyacristal.com\/wp-content\/uploads\/2026\/04\/logo-laninacristal.avif","width":375,"height":493,"caption":"Laninyacristal"},"image":{"@id":"https:\/\/laninyacristal.com\/#\/schema\/logo\/image\/"}}]}},"_links":{"self":[{"href":"https:\/\/laninyacristal.com\/en\/wp-json\/wp\/v2\/pages\/165","targetHints":{"allow":["GET"]}}],"collection":[{"href":"https:\/\/laninyacristal.com\/en\/wp-json\/wp\/v2\/pages"}],"about":[{"href":"https:\/\/laninyacristal.com\/en\/wp-json\/wp\/v2\/types\/page"}],"replies":[{"embeddable":true,"href":"https:\/\/laninyacristal.com\/en\/wp-json\/wp\/v2\/comments?post=165"}],"version-history":[{"count":7,"href":"https:\/\/laninyacristal.com\/en\/wp-json\/wp\/v2\/pages\/165\/revisions"}],"predecessor-version":[{"id":459,"href":"https:\/\/laninyacristal.com\/en\/wp-json\/wp\/v2\/pages\/165\/revisions\/459"}],"wp:attachment":[{"href":"https:\/\/laninyacristal.com\/en\/wp-json\/wp\/v2\/media?parent=165"}],"curies":[{"name":"wp","href":"https:\/\/api.w.org\/{rel}","templated":true}]}}