{"id":105,"date":"2026-04-06T08:41:22","date_gmt":"2026-04-06T08:41:22","guid":{"rendered":"https:\/\/laninyacristal.com\/?page_id=105"},"modified":"2026-04-09T20:36:33","modified_gmt":"2026-04-09T20:36:33","slug":"la-nina-cristal","status":"publish","type":"page","link":"https:\/\/laninyacristal.com\/en\/","title":{"rendered":"La Ni\u00f1a Cristal"},"content":{"rendered":"<div data-elementor-type=\"wp-page\" data-elementor-id=\"105\" class=\"elementor elementor-105\" data-elementor-post-type=\"page\">\n\t\t\t\t<div class=\"elementor-element elementor-element-l6i1d0xk e-con-full twbb_section twbb_full_h e-flex e-con e-parent\" data-id=\"l6i1d0xk\" data-element_type=\"container\" data-e-type=\"container\" id=\"magia-en-escena-cuentacuentos-y-teatro-para-todos\" data-settings=\"{&quot;background_background&quot;:&quot;classic&quot;}\">\n\t\t<div class=\"elementor-element elementor-element-zli8u4c9 e-con-full e-flex e-con e-child\" data-id=\"zli8u4c9\" data-element_type=\"container\" data-e-type=\"container\">\n\t\t\t\t<div class=\"elementor-element elementor-element-s5s2zn2t elementor-widget__width-initial elementor-widget-mobile__width-inherit elementor-widget-tablet__width-initial twbb-headline--style-highlight elementor-widget elementor-widget-twbbanimated-headline\" data-id=\"s5s2zn2t\" data-element_type=\"widget\" data-e-type=\"widget\" data-settings=\"{&quot;highlighted_text&quot;:&quot; La Ni\\u00f1acristal&quot;,&quot;marker&quot;:&quot;underline&quot;,&quot;headline_style&quot;:&quot;highlight&quot;}\" data-widget_type=\"twbbanimated-headline.default\">\n\t\t\t\t<div class=\"elementor-widget-container\">\n\t\t\t\t\t    <h1 class=\"twbb-headline\">\n        <span class=\"twbb-headline-dynamic-wrapper twbb-headline-text-wrapper\"><\/span>\n        <\/h1>\n    \t\t\t\t<\/div>\n\t\t\t\t<\/div>\n\t\t\t\t<div class=\"elementor-element elementor-element-oxnk5x8r elementor-widget__width-initial elementor-widget-mobile__width-inherit elementor-widget-tablet__width-initial elementor-invisible elementor-widget elementor-widget-text-editor\" data-id=\"oxnk5x8r\" data-element_type=\"widget\" data-e-type=\"widget\" data-settings=\"{&quot;_animation&quot;:&quot;fadeInUp&quot;}\" data-widget_type=\"text-editor.default\">\n\t\t\t\t\t\t\t\t\t<p dir=\"auto\">Cuentacuentos, teatro y dramatizaciones<\/p>\t\t\t\t\t\t\t\t<\/div>\n\t\t<div class=\"elementor-element elementor-element-p0mryz4o e-flex e-con-boxed e-con e-child\" data-id=\"p0mryz4o\" data-element_type=\"container\" data-e-type=\"container\">\n\t\t\t\t\t<div class=\"e-con-inner\">\n\t\t\t\t<div class=\"elementor-element elementor-element-y9bmhbt4 elementor-align-right elementor-mobile-align-center elementor-widget elementor-widget-button\" data-id=\"y9bmhbt4\" data-element_type=\"widget\" data-e-type=\"widget\" data-widget_type=\"button.default\">\n\t\t\t\t\t\t\t\t\t\t<a class=\"elementor-button elementor-button-link elementor-size-sm\" href=\"https:\/\/laninyacristal.com\/en\/?page_id=105\/\">\n\t\t\t\t\t\t<span class=\"elementor-button-content-wrapper\">\n\t\t\t\t\t\t\t\t\t<span class=\"elementor-button-text\">Nosotras<\/span>\n\t\t\t\t\t<\/span>\n\t\t\t\t\t<\/a>\n\t\t\t\t\t\t\t\t<\/div>\n\t\t\t\t<div class=\"elementor-element elementor-element-yhtyvp45 elementor-align-right elementor-mobile-align-center elementor-widget elementor-widget-button\" data-id=\"yhtyvp45\" data-element_type=\"widget\" data-e-type=\"widget\" data-widget_type=\"button.default\">\n\t\t\t\t\t\t\t\t\t\t<a class=\"elementor-button elementor-button-link elementor-size-sm\" href=\"#\">\n\t\t\t\t\t\t<span class=\"elementor-button-content-wrapper\">\n\t\t\t\t\t\t\t\t\t<span class=\"elementor-button-text\">Contacta<\/span>\n\t\t\t\t\t<\/span>\n\t\t\t\t\t<\/a>\n\t\t\t\t\t\t\t\t<\/div>\n\t\t\t\t\t<\/div>\n\t\t\t\t<\/div>\n\t\t\t\t<\/div>\n\t\t\t\t<\/div>\n\t\t<div class=\"elementor-element elementor-element-68s356pw twbb_section e-flex e-con-boxed e-con e-parent\" data-id=\"68s356pw\" data-element_type=\"container\" data-e-type=\"container\" id=\"nuestros-servicios-creativos\">\n\t\t\t\t\t<div class=\"e-con-inner\">\n\t\t<div class=\"elementor-element elementor-element-xf9wgimo e-con-full e-flex e-con e-child\" data-id=\"xf9wgimo\" data-element_type=\"container\" data-e-type=\"container\">\n\t\t\t\t<div class=\"elementor-element elementor-element-c7kzdg2y elementor-widget__width-initial elementor-widget-mobile__width-inherit elementor-widget-tablet__width-initial twbb_cta-button-wrapper-left twbb_cta-valign-align-space_between twbb_cta-position-image-top twbb_cta-tablet-position-image-top twbb_cta-mobile-position-image-top twbb_cta-button-wrapper-left twbb_cta-button-wrapper-center twbb_cta-position-button-bottom twbb_cta-tablet-position-button-bottom twbb_cta-mobile-position-button-bottom elementor-invisible elementor-widget elementor-widget-twbb_call-to-action\" data-id=\"c7kzdg2y\" data-element_type=\"widget\" data-e-type=\"widget\" data-settings=\"{&quot;_animation&quot;:&quot;fadeInUp&quot;}\" data-widget_type=\"twbb_call-to-action.default\">\n\t\t\t\t<div class=\"elementor-widget-container\">\n\t\t\t\t\t    <div  class=\"twbb_cta-wrapper\">\n                  <div class=\"twbb_cta-image-background-wrapper\">\n          <span class=\"twbb_cta-image-background-overlay\"><\/span>\n                            <div class=\"twbb_cta-image-html-tag\">\n                                            <img decoding=\"async\" src=\"https:\/\/laninyacristal.com\/wp-content\/uploads\/2026\/04\/tenweb_media_sotrxa9dy.webp\" alt=\"A vibrant and engaging image depicting a storyteller captivating a group of children with expressive gestures and colorful props, set in a cozy and inviting environment.\" >\n                                    <\/div>\n                    <\/div>\n        <div class=\"twbb_cta-content-wrapper\">\n    <div class=\"twbb_cta-content-inner\">\n                <h5 class=\"twbb_cta-title\">Cuentacuentos<\/h5>\n              <\/div>\n    <div class=\"twbb_cta-button-wrapper\">\n        <div class=\"twbb_cta-buttons\">\n                    <div class=\"twbb_cta-button-item twbb_cta-button-item__two twbb_cta-button-enable-yes\">\n          <a href=\"https:\/\/laninyacristal.com\/en\/?page_id=105\/\" class=\"elementor-button twbb_cta-button elementor-size- twbb_cta-button__two\"            >Ver m\u00e1s            <\/a>\n        <\/div>\n                  <\/div>\n    <\/div>\n  <\/div>\n        <\/div>\n\t\t\t\t<\/div>\n\t\t\t\t<\/div>\n\t\t\t\t<div class=\"elementor-element elementor-element-6bgng3ir elementor-widget__width-initial elementor-widget-mobile__width-inherit elementor-widget-tablet__width-initial twbb_cta-button-wrapper-left twbb_cta-valign-align-space_between twbb_cta-position-image-top twbb_cta-tablet-position-image-top twbb_cta-mobile-position-image-top twbb_cta-button-wrapper-left twbb_cta-button-wrapper-center twbb_cta-position-button-bottom twbb_cta-tablet-position-button-bottom twbb_cta-mobile-position-button-bottom elementor-invisible elementor-widget elementor-widget-twbb_call-to-action\" data-id=\"6bgng3ir\" data-element_type=\"widget\" data-e-type=\"widget\" data-settings=\"{&quot;_animation&quot;:&quot;fadeInUp&quot;}\" data-widget_type=\"twbb_call-to-action.default\">\n\t\t\t\t<div class=\"elementor-widget-container\">\n\t\t\t\t\t    <div  class=\"twbb_cta-wrapper\">\n                  <div class=\"twbb_cta-image-background-wrapper\">\n          <span class=\"twbb_cta-image-background-overlay\"><\/span>\n                            <div class=\"twbb_cta-image-html-tag\">\n                                            <img decoding=\"async\" src=\"https:\/\/laninyacristal.com\/wp-content\/uploads\/2026\/04\/tenweb_media_sgc3un1hb.webp\" alt=\"A dynamic and colorful image showcasing a theatrical performance with actors in costume, performing on a stage with dramatic lighting and engaging the audience.\" >\n                                    <\/div>\n                    <\/div>\n        <div class=\"twbb_cta-content-wrapper\">\n    <div class=\"twbb_cta-content-inner\">\n                <h5 class=\"twbb_cta-title\">Teatro<\/h5>\n              <\/div>\n    <div class=\"twbb_cta-button-wrapper\">\n        <div class=\"twbb_cta-buttons\">\n                    <div class=\"twbb_cta-button-item twbb_cta-button-item__two twbb_cta-button-enable-yes\">\n          <a href=\"https:\/\/laninyacristal.com\/en\/?page_id=105\/\" class=\"elementor-button twbb_cta-button elementor-size- twbb_cta-button__two\"            >Ver m\u00e1s            <\/a>\n        <\/div>\n                  <\/div>\n    <\/div>\n  <\/div>\n        <\/div>\n\t\t\t\t<\/div>\n\t\t\t\t<\/div>\n\t\t\t\t<div class=\"elementor-element elementor-element-8e5tbcv8 elementor-widget__width-initial elementor-widget-mobile__width-inherit elementor-widget-tablet__width-initial twbb_cta-button-wrapper-left twbb_cta-valign-align-space_between twbb_cta-position-image-top twbb_cta-tablet-position-image-top twbb_cta-mobile-position-image-top twbb_cta-button-wrapper-left twbb_cta-button-wrapper-center twbb_cta-position-button-bottom twbb_cta-tablet-position-button-bottom twbb_cta-mobile-position-button-bottom elementor-invisible elementor-widget elementor-widget-twbb_call-to-action\" data-id=\"8e5tbcv8\" data-element_type=\"widget\" data-e-type=\"widget\" data-settings=\"{&quot;_animation&quot;:&quot;fadeInUp&quot;}\" data-widget_type=\"twbb_call-to-action.default\">\n\t\t\t\t<div class=\"elementor-widget-container\">\n\t\t\t\t\t    <div  class=\"twbb_cta-wrapper\">\n                  <div class=\"twbb_cta-image-background-wrapper\">\n          <span class=\"twbb_cta-image-background-overlay\"><\/span>\n                            <div class=\"twbb_cta-image-html-tag\">\n                                            <img decoding=\"async\" src=\"https:\/\/laninyacristal.com\/wp-content\/uploads\/2026\/04\/tenweb_media_sqcphree5.webp\" alt=\"A creative and inspiring image featuring children participating in an art workshop, surrounded by art supplies and creating colorful artwork under the guidance of an instructor.\" >\n                                    <\/div>\n                    <\/div>\n        <div class=\"twbb_cta-content-wrapper\">\n    <div class=\"twbb_cta-content-inner\">\n                <h5 class=\"twbb_cta-title\">Dramatizaci\u00f3n<\/h5>\n              <\/div>\n    <div class=\"twbb_cta-button-wrapper\">\n        <div class=\"twbb_cta-buttons\">\n                    <div class=\"twbb_cta-button-item twbb_cta-button-item__two twbb_cta-button-enable-yes\">\n          <a href=\"https:\/\/laninyacristal.com\/en\/?page_id=105\/\" class=\"elementor-button twbb_cta-button elementor-size- twbb_cta-button__two\"            >Ver m\u00e1s            <\/a>\n        <\/div>\n                  <\/div>\n    <\/div>\n  <\/div>\n        <\/div>\n\t\t\t\t<\/div>\n\t\t\t\t<\/div>\n\t\t\t\t<\/div>\n\t\t\t\t\t<\/div>\n\t\t\t\t<\/div>\n\t\t<div class=\"elementor-element elementor-element-pqaz8fpk twbb_section e-flex e-con-boxed e-con e-parent\" data-id=\"pqaz8fpk\" data-element_type=\"container\" data-e-type=\"container\" id=\"mas-de-15-anos-creando-ilusion\" data-settings=\"{&quot;background_background&quot;:&quot;gradient&quot;}\">\n\t\t\t\t\t<div class=\"e-con-inner\">\n\t\t<div class=\"elementor-element elementor-element-jn95ys6j e-con-full e-flex e-con e-child\" data-id=\"jn95ys6j\" data-element_type=\"container\" data-e-type=\"container\">\n\t\t\t\t<div class=\"elementor-element elementor-element-gb374ob8 elementor-widget__width-initial elementor-widget-mobile__width-inherit elementor-widget-tablet__width-initial elementor-invisible elementor-widget elementor-widget-heading\" data-id=\"gb374ob8\" data-element_type=\"widget\" data-e-type=\"widget\" data-settings=\"{&quot;_animation&quot;:&quot;fadeInUp&quot;}\" data-widget_type=\"heading.default\">\n\t\t\t\t\t<h2 class=\"elementor-heading-title elementor-size-default\">M\u00e1s de 15 A\u00f1os Creando Ilusi\u00f3n<\/h2>\t\t\t\t<\/div>\n\t\t\t\t<div class=\"elementor-element elementor-element-rfsgtc5q elementor-widget__width-initial elementor-widget-mobile__width-inherit elementor-widget-tablet__width-initial elementor-invisible elementor-widget elementor-widget-text-editor\" data-id=\"rfsgtc5q\" data-element_type=\"widget\" data-e-type=\"widget\" data-settings=\"{&quot;_animation&quot;:&quot;fadeInUp&quot;}\" data-widget_type=\"text-editor.default\">\n\t\t\t\t\t\t\t\t\t<p>Inauguramos nuestra actividad en el a\u00f1o 2007 como asociaci\u00f3n de artistas, desde entonces hemos trabajado realizando representaciones teatrales, dramatizaciones, cuentacuentos y talleres creativos.<\/p>\t\t\t\t\t\t\t\t<\/div>\n\t\t\t\t<\/div>\n\t\t\t\t\t<\/div>\n\t\t\t\t<\/div>\n\t\t<div class=\"elementor-element elementor-element-s1jghj3u twbb_section e-flex e-con-boxed e-con e-parent\" data-id=\"s1jghj3u\" data-element_type=\"container\" data-e-type=\"container\" id=\"contacta-y-dale-vida-a-tu-evento\" data-settings=\"{&quot;background_background&quot;:&quot;classic&quot;}\">\n\t\t\t\t\t<div class=\"e-con-inner\">\n\t\t\t\t<div class=\"elementor-element elementor-element-x677iahy elementor-widget__width-initial elementor-widget-mobile__width-inherit elementor-widget-tablet__width-initial twbb_cta-button-wrapper-center twbb_cta-valign-align-top twbb_cta-button-wrapper-center twbb_cta-button-wrapper-center twbb_cta-position-button-bottom twbb_cta-tablet-position-button-bottom twbb_cta-mobile-position-button-bottom elementor-invisible elementor-widget elementor-widget-twbb_call-to-action\" data-id=\"x677iahy\" data-element_type=\"widget\" data-e-type=\"widget\" data-settings=\"{&quot;_animation&quot;:&quot;fadeInUp&quot;}\" data-widget_type=\"twbb_call-to-action.default\">\n\t\t\t\t<div class=\"elementor-widget-container\">\n\t\t\t\t\t    <div  class=\"twbb_cta-wrapper\">\n      <div class=\"twbb_cta-content-wrapper\">\n    <div class=\"twbb_cta-content-inner\">\n                <h2 class=\"twbb_cta-title\">\u00a1Contacta y Dale Vida a tu Evento!<\/h2>\n                    <div class=\"twbb_cta-description\">\u00bfListo para hacer tu evento inolvidable? Cont\u00e1ctanos para reservar nuestros servicios o consultar sobre talleres y espect\u00e1culos.<\/div>\n              <\/div>\n    <div class=\"twbb_cta-button-wrapper\">\n        <div class=\"twbb_cta-buttons\">\n              <div class=\"twbb_cta-button-item twbb_cta-button-item__one twbb_cta-button-enable-yes\">\n          <a href=\"https:\/\/laninyacristal.com\/en\/?page_id=105\/\" class=\"elementor-button twbb_cta-button elementor-size- twbb_cta-button__one\"            >Cont\u00e1ctanos<\/a>\n        <\/div>\n                        <\/div>\n    <\/div>\n  <\/div>\n        <\/div>\n\t\t\t\t<\/div>\n\t\t\t\t<\/div>\n\t\t\t\t\t<\/div>\n\t\t\t\t<\/div>\n\t\t\t\t<\/div>","protected":false},"excerpt":{"rendered":"<p>Cuentacuentos, teatro y dramatizaciones Nosotras Contacta Cuentacuentos Ver m\u00e1s Teatro Ver m\u00e1s Dramatizaci\u00f3n Ver m\u00e1s M\u00e1s de 15 A\u00f1os Creando Ilusi\u00f3n Inauguramos nuestra actividad en el a\u00f1o 2007 como asociaci\u00f3n de artistas, desde entonces hemos trabajado realizando representaciones teatrales, dramatizaciones, cuentacuentos y talleres creativos. \u00a1Contacta y Dale Vida a tu Evento! \u00bfListo para hacer tu [&hellip;]<\/p>\n","protected":false},"author":2,"featured_media":0,"parent":0,"menu_order":0,"comment_status":"closed","ping_status":"closed","template":"","meta":{"inline_featured_image":false,"footnotes":""},"class_list":["post-105","page","type-page","status-publish","hentry"],"yoast_head":"<!-- This site is optimized with the Yoast SEO plugin v27.3 - https:\/\/yoast.com\/product\/yoast-seo-wordpress\/ -->\n<title>La Ni\u00f1a Cristal - Laninyacristal<\/title>\n<meta name=\"robots\" content=\"index, follow, max-snippet:-1, max-image-preview:large, max-video-preview:-1\" \/>\n<link rel=\"canonical\" href=\"https:\/\/laninyacristal.com\/en\/\" \/>\n<meta property=\"og:locale\" content=\"en_GB\" \/>\n<meta property=\"og:type\" content=\"article\" \/>\n<meta property=\"og:title\" content=\"La Ni\u00f1a Cristal - Laninyacristal\" \/>\n<meta property=\"og:description\" content=\"Cuentacuentos, teatro y dramatizaciones Nosotras Contacta Cuentacuentos Ver m\u00e1s Teatro Ver m\u00e1s Dramatizaci\u00f3n Ver m\u00e1s M\u00e1s de 15 A\u00f1os Creando Ilusi\u00f3n Inauguramos nuestra actividad en el a\u00f1o 2007 como asociaci\u00f3n de artistas, desde entonces hemos trabajado realizando representaciones teatrales, dramatizaciones, cuentacuentos y talleres creativos. \u00a1Contacta y Dale Vida a tu Evento! \u00bfListo para hacer tu [&hellip;]\" \/>\n<meta property=\"og:url\" content=\"https:\/\/laninyacristal.com\/en\/\" \/>\n<meta property=\"og:site_name\" content=\"Laninyacristal\" \/>\n<meta property=\"article:modified_time\" content=\"2026-04-09T20:36:33+00:00\" \/>\n<meta property=\"og:image\" content=\"https:\/\/laninyacristal.com\/wp-content\/uploads\/2026\/04\/tenweb_media_sotrxa9dy.webp\" \/>\n<meta name=\"twitter:card\" content=\"summary_large_image\" \/>\n<script type=\"application\/ld+json\" class=\"yoast-schema-graph\">{\"@context\":\"https:\\\/\\\/schema.org\",\"@graph\":[{\"@type\":\"WebPage\",\"@id\":\"https:\\\/\\\/laninyacristal.com\\\/\",\"url\":\"https:\\\/\\\/laninyacristal.com\\\/\",\"name\":\"La Ni\u00f1a Cristal - Laninyacristal\",\"isPartOf\":{\"@id\":\"https:\\\/\\\/laninyacristal.com\\\/#website\"},\"primaryImageOfPage\":{\"@id\":\"https:\\\/\\\/laninyacristal.com\\\/#primaryimage\"},\"image\":{\"@id\":\"https:\\\/\\\/laninyacristal.com\\\/#primaryimage\"},\"thumbnailUrl\":\"https:\\\/\\\/laninyacristal.com\\\/wp-content\\\/uploads\\\/2026\\\/04\\\/tenweb_media_sotrxa9dy.webp\",\"datePublished\":\"2026-04-06T08:41:22+00:00\",\"dateModified\":\"2026-04-09T20:36:33+00:00\",\"breadcrumb\":{\"@id\":\"https:\\\/\\\/laninyacristal.com\\\/#breadcrumb\"},\"inLanguage\":\"en-GB\",\"potentialAction\":[{\"@type\":\"ReadAction\",\"target\":[\"https:\\\/\\\/laninyacristal.com\\\/\"]}]},{\"@type\":\"ImageObject\",\"inLanguage\":\"en-GB\",\"@id\":\"https:\\\/\\\/laninyacristal.com\\\/#primaryimage\",\"url\":\"https:\\\/\\\/laninyacristal.com\\\/wp-content\\\/uploads\\\/2026\\\/04\\\/tenweb_media_sotrxa9dy.webp\",\"contentUrl\":\"https:\\\/\\\/laninyacristal.com\\\/wp-content\\\/uploads\\\/2026\\\/04\\\/tenweb_media_sotrxa9dy.webp\"},{\"@type\":\"BreadcrumbList\",\"@id\":\"https:\\\/\\\/laninyacristal.com\\\/#breadcrumb\",\"itemListElement\":[{\"@type\":\"ListItem\",\"position\":1,\"name\":\"Home\",\"item\":\"https:\\\/\\\/laninyacristal.com\\\/\"},{\"@type\":\"ListItem\",\"position\":2,\"name\":\"La Ni\u00f1a Cristal\"}]},{\"@type\":\"WebSite\",\"@id\":\"https:\\\/\\\/laninyacristal.com\\\/#website\",\"url\":\"https:\\\/\\\/laninyacristal.com\\\/\",\"name\":\"Laninyacristal\",\"description\":\"\",\"publisher\":{\"@id\":\"https:\\\/\\\/laninyacristal.com\\\/#organization\"},\"potentialAction\":[{\"@type\":\"SearchAction\",\"target\":{\"@type\":\"EntryPoint\",\"urlTemplate\":\"https:\\\/\\\/laninyacristal.com\\\/?s={search_term_string}\"},\"query-input\":{\"@type\":\"PropertyValueSpecification\",\"valueRequired\":true,\"valueName\":\"search_term_string\"}}],\"inLanguage\":\"en-GB\"},{\"@type\":\"Organization\",\"@id\":\"https:\\\/\\\/laninyacristal.com\\\/#organization\",\"name\":\"Laninyacristal\",\"url\":\"https:\\\/\\\/laninyacristal.com\\\/\",\"logo\":{\"@type\":\"ImageObject\",\"inLanguage\":\"en-GB\",\"@id\":\"https:\\\/\\\/laninyacristal.com\\\/#\\\/schema\\\/logo\\\/image\\\/\",\"url\":\"https:\\\/\\\/laninyacristal.com\\\/wp-content\\\/uploads\\\/2026\\\/04\\\/logo-laninacristal.avif\",\"contentUrl\":\"https:\\\/\\\/laninyacristal.com\\\/wp-content\\\/uploads\\\/2026\\\/04\\\/logo-laninacristal.avif\",\"width\":375,\"height\":493,\"caption\":\"Laninyacristal\"},\"image\":{\"@id\":\"https:\\\/\\\/laninyacristal.com\\\/#\\\/schema\\\/logo\\\/image\\\/\"}}]}<\/script>\n<!-- \/ Yoast SEO plugin. -->","yoast_head_json":{"title":"La Ni\u00f1a Cristal - Laninyacristal","robots":{"index":"index","follow":"follow","max-snippet":"max-snippet:-1","max-image-preview":"max-image-preview:large","max-video-preview":"max-video-preview:-1"},"canonical":"https:\/\/laninyacristal.com\/en\/","og_locale":"en_GB","og_type":"article","og_title":"La Ni\u00f1a Cristal - Laninyacristal","og_description":"Cuentacuentos, teatro y dramatizaciones Nosotras Contacta Cuentacuentos Ver m\u00e1s Teatro Ver m\u00e1s Dramatizaci\u00f3n Ver m\u00e1s M\u00e1s de 15 A\u00f1os Creando Ilusi\u00f3n Inauguramos nuestra actividad en el a\u00f1o 2007 como asociaci\u00f3n de artistas, desde entonces hemos trabajado realizando representaciones teatrales, dramatizaciones, cuentacuentos y talleres creativos. \u00a1Contacta y Dale Vida a tu Evento! \u00bfListo para hacer tu [&hellip;]","og_url":"https:\/\/laninyacristal.com\/en\/","og_site_name":"Laninyacristal","article_modified_time":"2026-04-09T20:36:33+00:00","og_image":[{"url":"https:\/\/laninyacristal.com\/wp-content\/uploads\/2026\/04\/tenweb_media_sotrxa9dy.webp","type":"","width":"","height":""}],"twitter_card":"summary_large_image","schema":{"@context":"https:\/\/schema.org","@graph":[{"@type":"WebPage","@id":"https:\/\/laninyacristal.com\/","url":"https:\/\/laninyacristal.com\/","name":"La Ni\u00f1a Cristal - Laninyacristal","isPartOf":{"@id":"https:\/\/laninyacristal.com\/#website"},"primaryImageOfPage":{"@id":"https:\/\/laninyacristal.com\/#primaryimage"},"image":{"@id":"https:\/\/laninyacristal.com\/#primaryimage"},"thumbnailUrl":"https:\/\/laninyacristal.com\/wp-content\/uploads\/2026\/04\/tenweb_media_sotrxa9dy.webp","datePublished":"2026-04-06T08:41:22+00:00","dateModified":"2026-04-09T20:36:33+00:00","breadcrumb":{"@id":"https:\/\/laninyacristal.com\/#breadcrumb"},"inLanguage":"en-GB","potentialAction":[{"@type":"ReadAction","target":["https:\/\/laninyacristal.com\/"]}]},{"@type":"ImageObject","inLanguage":"en-GB","@id":"https:\/\/laninyacristal.com\/#primaryimage","url":"https:\/\/laninyacristal.com\/wp-content\/uploads\/2026\/04\/tenweb_media_sotrxa9dy.webp","contentUrl":"https:\/\/laninyacristal.com\/wp-content\/uploads\/2026\/04\/tenweb_media_sotrxa9dy.webp"},{"@type":"BreadcrumbList","@id":"https:\/\/laninyacristal.com\/#breadcrumb","itemListElement":[{"@type":"ListItem","position":1,"name":"Home","item":"https:\/\/laninyacristal.com\/"},{"@type":"ListItem","position":2,"name":"La Ni\u00f1a Cristal"}]},{"@type":"WebSite","@id":"https:\/\/laninyacristal.com\/#website","url":"https:\/\/laninyacristal.com\/","name":"Laninyacristal","description":"","publisher":{"@id":"https:\/\/laninyacristal.com\/#organization"},"potentialAction":[{"@type":"SearchAction","target":{"@type":"EntryPoint","urlTemplate":"https:\/\/laninyacristal.com\/?s={search_term_string}"},"query-input":{"@type":"PropertyValueSpecification","valueRequired":true,"valueName":"search_term_string"}}],"inLanguage":"en-GB"},{"@type":"Organization","@id":"https:\/\/laninyacristal.com\/#organization","name":"Laninyacristal","url":"https:\/\/laninyacristal.com\/","logo":{"@type":"ImageObject","inLanguage":"en-GB","@id":"https:\/\/laninyacristal.com\/#\/schema\/logo\/image\/","url":"https:\/\/laninyacristal.com\/wp-content\/uploads\/2026\/04\/logo-laninacristal.avif","contentUrl":"https:\/\/laninyacristal.com\/wp-content\/uploads\/2026\/04\/logo-laninacristal.avif","width":375,"height":493,"caption":"Laninyacristal"},"image":{"@id":"https:\/\/laninyacristal.com\/#\/schema\/logo\/image\/"}}]}},"_links":{"self":[{"href":"https:\/\/laninyacristal.com\/en\/wp-json\/wp\/v2\/pages\/105","targetHints":{"allow":["GET"]}}],"collection":[{"href":"https:\/\/laninyacristal.com\/en\/wp-json\/wp\/v2\/pages"}],"about":[{"href":"https:\/\/laninyacristal.com\/en\/wp-json\/wp\/v2\/types\/page"}],"author":[{"embeddable":true,"href":"https:\/\/laninyacristal.com\/en\/wp-json\/wp\/v2\/users\/2"}],"replies":[{"embeddable":true,"href":"https:\/\/laninyacristal.com\/en\/wp-json\/wp\/v2\/comments?post=105"}],"version-history":[{"count":26,"href":"https:\/\/laninyacristal.com\/en\/wp-json\/wp\/v2\/pages\/105\/revisions"}],"predecessor-version":[{"id":466,"href":"https:\/\/laninyacristal.com\/en\/wp-json\/wp\/v2\/pages\/105\/revisions\/466"}],"wp:attachment":[{"href":"https:\/\/laninyacristal.com\/en\/wp-json\/wp\/v2\/media?parent=105"}],"curies":[{"name":"wp","href":"https:\/\/api.w.org\/{rel}","templated":true}]}}